{"id":19,"date":"2025-11-26T20:59:22","date_gmt":"2025-11-26T20:59:22","guid":{"rendered":"https:\/\/www.qalixis.fr\/?page_id=19"},"modified":"2026-02-08T09:12:24","modified_gmt":"2026-02-08T09:12:24","slug":"formations","status":"publish","type":"page","link":"https:\/\/www.qalixis.fr\/index.php\/formations\/","title":{"rendered":"Formations"},"content":{"rendered":"\n<blockquote class=\"wp-block-quote is-style-default is-layout-flow wp-block-quote-is-layout-flow\">\n<p> L&rsquo;homme qui d\u00e9place une montagne commence par d\u00e9placer de petites pierres ! &#8211; Confucius<\/p>\n<\/blockquote>\n\n\n<div class=\"oxi-addons-container   oxi-addons-flipbox-template-style1\">        <div class=\"oxilab-flip-box-wrapper\">\n                                <div class=\"oxilab-flip-box-col-5 oxilab-flip-box-padding-16\"\n                        sa-data-animation=\"\"\n                        sa-data-animation-offset=\"100%\"\r\n                        sa-data-animation-delay=\"0ms\"\r\n                        sa-data-animation-duration=\" 4000ms\"\n                        >\r\n                        <div class=\"  oxilab-flip-box-body-16 oxilab-flip-box-body-16-54\">\n                                                        <div class=\"oxilab-flip-box-body-absulote\">\n                                <div class=\"oxilab-flip-box-flip oxilab-flip-box-flip-left-to-right\">\n                                    <div class=\"oxilab-flip-box-style-data easing_easeOutBack\">\n                                        <div class=\"oxilab-flip-box-style\">\n                                            <div class=\"oxilab-flip-box-front\">\n                                                <div class=\"oxilab-flip-box-16\">\n                                                    <div class=\"oxilab-flip-box-16-data\">\n                                                        <div class=\"oxilab-flip-box-16-image\">\n                                                            <img decoding=\"async\" src=\"https:\/\/www.qalixis.fr\/wp-content\/uploads\/2026\/02\/Capture-SMQ.jpg\" \n                                                            alt=\"\"                                                            >\n\n                                                            <div class=\"oxilab-flip-box-16-image-icon\">\n                                                                        <i class=\"fas fa-user-graduate oxi-icons\"><\/i>\n                                                                    <\/div>\n                                                        <\/div>\n                                                        <div class=\"oxilab-flip-box-16-heading\">\n                                                            <div class=\"oxilab-flip-box-16-heading-data\">\n                                                                Formations du m\u00e9tier de la Qualit\u00e9                                                            <\/div>\n                                                        <\/div>\n                                                    <\/div>\n                                                <\/div>\n                                            <\/div>\n                                            <div class=\"oxilab-flip-box-back\">\n                                                <div class=\"oxilab-flip-box-back-16\">\n                                                    <div class=\"oxilab-flip-box-back-16-data\">\n                                                        <div class=\"oxilab-flip-box-back-16-file\">\n                                                            <div class=\"oxilab-info\">\n                                                                Apprenez les rouages d&apos;un syst\u00e8me de management de la qualit\u00e9 et ses outils principaux et transformez cela en performance !                                                            <\/div>\n                                                                                                                            <div class=\"oxilab-button\">\n                                                                    <a href=\"https:\/\/www.qalixis.fr\/index.php\/formations-qualite-en-industrie\/\" target=\"\">\n                                                                        <span class=\"oxilab-button-data\">\n                                                                            Lien ici                                                                        <\/span>\n                                                                    <\/a>\n                                                                <\/div>\n                                                                                                                        <\/div>\n                                                    <\/div>\n                                                <\/div>\n                                            <\/div>\n                                        <\/div>\n                                    <\/div>\n                                <\/div>\n                            <\/div>\n                                                    <\/div>\n\n                                            <\/div>\n                                        <div class=\"oxilab-flip-box-col-5 oxilab-flip-box-padding-16\"\n                        sa-data-animation=\"\"\n                        sa-data-animation-offset=\"100%\"\r\n                        sa-data-animation-delay=\"0ms\"\r\n                        sa-data-animation-duration=\" 4000ms\"\n                        >\r\n                        <div class=\"  oxilab-flip-box-body-16 oxilab-flip-box-body-16-55\">\n                                                        <div class=\"oxilab-flip-box-body-absulote\">\n                                <div class=\"oxilab-flip-box-flip oxilab-flip-box-flip-left-to-right\">\n                                    <div class=\"oxilab-flip-box-style-data easing_easeOutBack\">\n                                        <div class=\"oxilab-flip-box-style\">\n                                            <div class=\"oxilab-flip-box-front\">\n                                                <div class=\"oxilab-flip-box-16\">\n                                                    <div class=\"oxilab-flip-box-16-data\">\n                                                        <div class=\"oxilab-flip-box-16-image\">\n                                                            <img decoding=\"async\" src=\"https:\/\/www.qalixis.fr\/wp-content\/uploads\/2026\/01\/ChatGPT-Image-29-janv.-2026-22_45_24.png\" \n                                                            alt=\"\"                                                            >\n\n                                                            <div class=\"oxilab-flip-box-16-image-icon\">\n                                                                        <i class=\"fas fa-user-graduate oxi-icons\"><\/i>\n                                                                    <\/div>\n                                                        <\/div>\n                                                        <div class=\"oxilab-flip-box-16-heading\">\n                                                            <div class=\"oxilab-flip-box-16-heading-data\">\n                                                                Formations Bureautique                                                            <\/div>\n                                                        <\/div>\n                                                    <\/div>\n                                                <\/div>\n                                            <\/div>\n                                            <div class=\"oxilab-flip-box-back\">\n                                                <div class=\"oxilab-flip-box-back-16\">\n                                                    <div class=\"oxilab-flip-box-back-16-data\">\n                                                        <div class=\"oxilab-flip-box-back-16-file\">\n                                                            <div class=\"oxilab-info\">\n                                                                Apprenez \u00e0 structurer vos outils de travail au quotidien et \u00e0 \u00eatre capable d&apos;exploiter une grande quantit\u00e9 de donn\u00e9es                                                            <\/div>\n                                                                                                                            <div class=\"oxilab-button\">\n                                                                    <a href=\"https:\/\/www.qalixis.fr\/index.php\/formations-bureautique\/\" target=\"\">\n                                                                        <span class=\"oxilab-button-data\">\n                                                                            Lien ici                                                                        <\/span>\n                                                                    <\/a>\n                                                                <\/div>\n                                                                                                                        <\/div>\n                                                    <\/div>\n                                                <\/div>\n                                            <\/div>\n                                        <\/div>\n                                    <\/div>\n                                <\/div>\n                            <\/div>\n                                                    <\/div>\n\n                                            <\/div>\n                    \n        <\/div>\n            <\/div>\n\n\n\n<h1 class=\"wp-block-heading\" style=\"padding-top:var(--wp--preset--spacing--60)\">Vous \u00eates acteurs de votre propre formation !<\/h1>\n\n\n\n<ul class=\"wp-block-list\">\n<li>Le th\u00e9orie au juste niveau, ni trop, ni trop peu.<\/li>\n\n\n\n<li>Le maximum de pratique, vous impliquer autant que possible<\/li>\n\n\n\n<li>Des exemples concrets bas\u00e9s sur vos exp\u00e9riences<\/li>\n\n\n\n<li>Des formations tr\u00e8s visuelles<\/li>\n\n\n\n<li>Vous repartez avec tous les supports th\u00e9oriques et pratiques<\/li>\n\n\n\n<li>Vous \u00eates capables d&rsquo;appliquer \u00e0 votre quotidien ce qui est abord\u00e9 en formation<\/li>\n<\/ul>\n\n\n\n<h1 class=\"wp-block-heading\">Nous suivons la d\u00e9marche suivante<\/h1>\n\n\n\n<ul class=\"wp-block-list\">\n<li>1. Analyse du besoin \u25ba prise en compte des exigences de chacun<\/li>\n\n\n\n<li>2. Conception du programme \u25ba Adaptation pour correspondre au besoin<\/li>\n\n\n\n<li>3. Animation\n<ul class=\"wp-block-list\">\n<li>Powerpoint visuel et anim\u00e9<\/li>\n\n\n\n<li>Participation active des stagiaires (Jeux, Brainstorming)<\/li>\n<\/ul>\n<\/li>\n\n\n\n<li>4. Evaluation de fin de stage<\/li>\n\n\n\n<li>5. Recueil des avis<\/li>\n<\/ul>\n\n\n\n<p style=\"padding-top:var(--wp--preset--spacing--50);padding-right:var(--wp--preset--spacing--50);padding-bottom:var(--wp--preset--spacing--50);padding-left:var(--wp--preset--spacing--50)\">Chaque formation propos\u00e9e est am\u00e9nageable en terme de dur\u00e9e et de contenu pour r\u00e9pondre \u00e0 vos besoins.<\/p>\n\n\n\n<h1 class=\"wp-block-heading\">Notre catalogue est disponible ici \u25ba <a href=\"https:\/\/www.qalixis.fr\/wp-content\/uploads\/2025\/12\/EN-IPU-001-Ind.A-CATALOGUE-DE-FORMATIONS.pdf\">Catalogue<\/a><\/h1>\n\n\n\n<p><\/p>\n","protected":false},"excerpt":{"rendered":"<p>L&rsquo;homme qui d\u00e9place une montagne commence par d\u00e9placer de petites pierres ! &#8211; Confucius Vous \u00eates acteurs de votre propre [&hellip;]<\/p>\n","protected":false},"author":1,"featured_media":0,"parent":0,"menu_order":0,"comment_status":"closed","ping_status":"closed","template":"","meta":{"site-sidebar-layout":"default","site-content-layout":"","ast-site-content-layout":"default","site-content-style":"default","site-sidebar-style":"default","ast-global-header-display":"","ast-banner-title-visibility":"","ast-main-header-display":"","ast-hfb-above-header-display":"","ast-hfb-below-header-display":"","ast-hfb-mobile-header-display":"","site-post-title":"disabled","ast-breadcrumbs-content":"","ast-featured-img":"","footer-sml-layout":"","ast-disable-related-posts":"","theme-transparent-header-meta":"","adv-header-id-meta":"","stick-header-meta":"","header-above-stick-meta":"","header-main-stick-meta":"","header-below-stick-meta":"","astra-migrate-meta-layouts":"default","ast-page-background-enabled":"default","ast-page-background-meta":{"desktop":{"background-color":"var(--ast-global-color-5)","background-image":"","background-repeat":"repeat","background-position":"center center","background-size":"auto","background-attachment":"scroll","background-type":"","background-media":"","overlay-type":"","overlay-color":"","overlay-opacity":"","overlay-gradient":""},"tablet":{"background-color":"","background-image":"","background-repeat":"repeat","background-position":"center center","background-size":"auto","background-attachment":"scroll","background-type":"","background-media":"","overlay-type":"","overlay-color":"","overlay-opacity":"","overlay-gradient":""},"mobile":{"background-color":"","background-image":"","background-repeat":"repeat","background-position":"center center","background-size":"auto","background-attachment":"scroll","background-type":"","background-media":"","overlay-type":"","overlay-color":"","overlay-opacity":"","overlay-gradient":""}},"ast-content-background-meta":{"desktop":{"background-color":"var(--ast-global-color-4)","background-image":"","background-repeat":"repeat","background-position":"center center","background-size":"auto","background-attachment":"scroll","background-type":"","background-media":"","overlay-type":"","overlay-color":"","overlay-opacity":"","overlay-gradient":""},"tablet":{"background-color":"var(--ast-global-color-4)","background-image":"","background-repeat":"repeat","background-position":"center center","background-size":"auto","background-attachment":"scroll","background-type":"","background-media":"","overlay-type":"","overlay-color":"","overlay-opacity":"","overlay-gradient":""},"mobile":{"background-color":"var(--ast-global-color-4)","background-image":"","background-repeat":"repeat","background-position":"center center","background-size":"auto","background-attachment":"scroll","background-type":"","background-media":"","overlay-type":"","overlay-color":"","overlay-opacity":"","overlay-gradient":""}},"footnotes":""},"class_list":["post-19","page","type-page","status-publish","hentry"],"yoast_head":"<!-- This site is optimized with the Yoast SEO plugin v27.3 - https:\/\/yoast.com\/product\/yoast-seo-wordpress\/ -->\n<title>Formations - Qalixis<\/title>\n<meta name=\"robots\" content=\"index, follow, max-snippet:-1, max-image-preview:large, max-video-preview:-1\" \/>\n<link rel=\"canonical\" href=\"https:\/\/www.qalixis.fr\/index.php\/formations\/\" \/>\n<meta property=\"og:locale\" content=\"fr_FR\" \/>\n<meta property=\"og:type\" content=\"article\" \/>\n<meta property=\"og:title\" content=\"Formations - Qalixis\" \/>\n<meta property=\"og:description\" content=\"L&rsquo;homme qui d\u00e9place une montagne commence par d\u00e9placer de petites pierres ! &#8211; Confucius Vous \u00eates acteurs de votre propre [&hellip;]\" \/>\n<meta property=\"og:url\" content=\"https:\/\/www.qalixis.fr\/index.php\/formations\/\" \/>\n<meta property=\"og:site_name\" content=\"Qalixis\" \/>\n<meta property=\"article:modified_time\" content=\"2026-02-08T09:12:24+00:00\" \/>\n<meta name=\"twitter:card\" content=\"summary_large_image\" \/>\n<meta name=\"twitter:label1\" content=\"Dur\u00e9e de lecture estim\u00e9e\" \/>\n\t<meta name=\"twitter:data1\" content=\"1 minute\" \/>\n<script type=\"application\/ld+json\" class=\"yoast-schema-graph\">{\"@context\":\"https:\\\/\\\/schema.org\",\"@graph\":[{\"@type\":\"WebPage\",\"@id\":\"https:\\\/\\\/www.qalixis.fr\\\/index.php\\\/formations\\\/\",\"url\":\"https:\\\/\\\/www.qalixis.fr\\\/index.php\\\/formations\\\/\",\"name\":\"Formations - Qalixis\",\"isPartOf\":{\"@id\":\"https:\\\/\\\/www.qalixis.fr\\\/#website\"},\"datePublished\":\"2025-11-26T20:59:22+00:00\",\"dateModified\":\"2026-02-08T09:12:24+00:00\",\"breadcrumb\":{\"@id\":\"https:\\\/\\\/www.qalixis.fr\\\/index.php\\\/formations\\\/#breadcrumb\"},\"inLanguage\":\"fr-FR\",\"potentialAction\":[{\"@type\":\"ReadAction\",\"target\":[\"https:\\\/\\\/www.qalixis.fr\\\/index.php\\\/formations\\\/\"]}]},{\"@type\":\"BreadcrumbList\",\"@id\":\"https:\\\/\\\/www.qalixis.fr\\\/index.php\\\/formations\\\/#breadcrumb\",\"itemListElement\":[{\"@type\":\"ListItem\",\"position\":1,\"name\":\"Accueil\",\"item\":\"https:\\\/\\\/www.qalixis.fr\\\/\"},{\"@type\":\"ListItem\",\"position\":2,\"name\":\"Formations\"}]},{\"@type\":\"WebSite\",\"@id\":\"https:\\\/\\\/www.qalixis.fr\\\/#website\",\"url\":\"https:\\\/\\\/www.qalixis.fr\\\/\",\"name\":\"Qalixis Formation\",\"description\":\"Soyez acteurs de votre apprentissage !\",\"publisher\":{\"@id\":\"https:\\\/\\\/www.qalixis.fr\\\/#organization\"},\"potentialAction\":[{\"@type\":\"SearchAction\",\"target\":{\"@type\":\"EntryPoint\",\"urlTemplate\":\"https:\\\/\\\/www.qalixis.fr\\\/?s={search_term_string}\"},\"query-input\":{\"@type\":\"PropertyValueSpecification\",\"valueRequired\":true,\"valueName\":\"search_term_string\"}}],\"inLanguage\":\"fr-FR\"},{\"@type\":\"Organization\",\"@id\":\"https:\\\/\\\/www.qalixis.fr\\\/#organization\",\"name\":\"Qalixis Formation\",\"url\":\"https:\\\/\\\/www.qalixis.fr\\\/\",\"logo\":{\"@type\":\"ImageObject\",\"inLanguage\":\"fr-FR\",\"@id\":\"https:\\\/\\\/www.qalixis.fr\\\/#\\\/schema\\\/logo\\\/image\\\/\",\"url\":\"https:\\\/\\\/www.qalixis.fr\\\/wp-content\\\/uploads\\\/2025\\\/11\\\/cropped-ChatGPT-Image-27-nov.-2025-21_29_45-5.png\",\"contentUrl\":\"https:\\\/\\\/www.qalixis.fr\\\/wp-content\\\/uploads\\\/2025\\\/11\\\/cropped-ChatGPT-Image-27-nov.-2025-21_29_45-5.png\",\"width\":858,\"height\":826,\"caption\":\"Qalixis Formation\"},\"image\":{\"@id\":\"https:\\\/\\\/www.qalixis.fr\\\/#\\\/schema\\\/logo\\\/image\\\/\"}}]}<\/script>\n<!-- \/ Yoast SEO plugin. -->","yoast_head_json":{"title":"Formations - Qalixis","robots":{"index":"index","follow":"follow","max-snippet":"max-snippet:-1","max-image-preview":"max-image-preview:large","max-video-preview":"max-video-preview:-1"},"canonical":"https:\/\/www.qalixis.fr\/index.php\/formations\/","og_locale":"fr_FR","og_type":"article","og_title":"Formations - Qalixis","og_description":"L&rsquo;homme qui d\u00e9place une montagne commence par d\u00e9placer de petites pierres ! &#8211; Confucius Vous \u00eates acteurs de votre propre [&hellip;]","og_url":"https:\/\/www.qalixis.fr\/index.php\/formations\/","og_site_name":"Qalixis","article_modified_time":"2026-02-08T09:12:24+00:00","twitter_card":"summary_large_image","twitter_misc":{"Dur\u00e9e de lecture estim\u00e9e":"1 minute"},"schema":{"@context":"https:\/\/schema.org","@graph":[{"@type":"WebPage","@id":"https:\/\/www.qalixis.fr\/index.php\/formations\/","url":"https:\/\/www.qalixis.fr\/index.php\/formations\/","name":"Formations - Qalixis","isPartOf":{"@id":"https:\/\/www.qalixis.fr\/#website"},"datePublished":"2025-11-26T20:59:22+00:00","dateModified":"2026-02-08T09:12:24+00:00","breadcrumb":{"@id":"https:\/\/www.qalixis.fr\/index.php\/formations\/#breadcrumb"},"inLanguage":"fr-FR","potentialAction":[{"@type":"ReadAction","target":["https:\/\/www.qalixis.fr\/index.php\/formations\/"]}]},{"@type":"BreadcrumbList","@id":"https:\/\/www.qalixis.fr\/index.php\/formations\/#breadcrumb","itemListElement":[{"@type":"ListItem","position":1,"name":"Accueil","item":"https:\/\/www.qalixis.fr\/"},{"@type":"ListItem","position":2,"name":"Formations"}]},{"@type":"WebSite","@id":"https:\/\/www.qalixis.fr\/#website","url":"https:\/\/www.qalixis.fr\/","name":"Qalixis Formation","description":"Soyez acteurs de votre apprentissage !","publisher":{"@id":"https:\/\/www.qalixis.fr\/#organization"},"potentialAction":[{"@type":"SearchAction","target":{"@type":"EntryPoint","urlTemplate":"https:\/\/www.qalixis.fr\/?s={search_term_string}"},"query-input":{"@type":"PropertyValueSpecification","valueRequired":true,"valueName":"search_term_string"}}],"inLanguage":"fr-FR"},{"@type":"Organization","@id":"https:\/\/www.qalixis.fr\/#organization","name":"Qalixis Formation","url":"https:\/\/www.qalixis.fr\/","logo":{"@type":"ImageObject","inLanguage":"fr-FR","@id":"https:\/\/www.qalixis.fr\/#\/schema\/logo\/image\/","url":"https:\/\/www.qalixis.fr\/wp-content\/uploads\/2025\/11\/cropped-ChatGPT-Image-27-nov.-2025-21_29_45-5.png","contentUrl":"https:\/\/www.qalixis.fr\/wp-content\/uploads\/2025\/11\/cropped-ChatGPT-Image-27-nov.-2025-21_29_45-5.png","width":858,"height":826,"caption":"Qalixis Formation"},"image":{"@id":"https:\/\/www.qalixis.fr\/#\/schema\/logo\/image\/"}}]}},"_links":{"self":[{"href":"https:\/\/www.qalixis.fr\/index.php\/wp-json\/wp\/v2\/pages\/19","targetHints":{"allow":["GET"]}}],"collection":[{"href":"https:\/\/www.qalixis.fr\/index.php\/wp-json\/wp\/v2\/pages"}],"about":[{"href":"https:\/\/www.qalixis.fr\/index.php\/wp-json\/wp\/v2\/types\/page"}],"author":[{"embeddable":true,"href":"https:\/\/www.qalixis.fr\/index.php\/wp-json\/wp\/v2\/users\/1"}],"replies":[{"embeddable":true,"href":"https:\/\/www.qalixis.fr\/index.php\/wp-json\/wp\/v2\/comments?post=19"}],"version-history":[{"count":63,"href":"https:\/\/www.qalixis.fr\/index.php\/wp-json\/wp\/v2\/pages\/19\/revisions"}],"predecessor-version":[{"id":1316,"href":"https:\/\/www.qalixis.fr\/index.php\/wp-json\/wp\/v2\/pages\/19\/revisions\/1316"}],"wp:attachment":[{"href":"https:\/\/www.qalixis.fr\/index.php\/wp-json\/wp\/v2\/media?parent=19"}],"curies":[{"name":"wp","href":"https:\/\/api.w.org\/{rel}","templated":true}]}}